{"id":63,"date":"2016-06-27T12:33:47","date_gmt":"2016-06-27T10:33:47","guid":{"rendered":"http:\/\/minoiamobili.demo2.editeltn.it\/fr\/?page_id=63"},"modified":"2016-12-30T11:58:57","modified_gmt":"2016-12-30T10:58:57","slug":"contacts","status":"publish","type":"page","link":"http:\/\/www.minoiamobili.com\/fr\/contacts\/","title":{"rendered":"Contacts"},"content":{"rendered":"<p><strong>Minoia Arreda Sas<\/strong><\/p>\n<p>di Minoia Greta &amp; C.<br \/>Via Trento, 85 \u2013 25074 Idro (BS) \u2013 P.IVA e C.F. 03758680981<br \/>Tel. +39 0365 83184 \u2013 <a href=\"mailto:info@minoiamobili.com\">info@minoiamobili.com<\/a><\/p>\n<h3>\u00a0<\/h3>\n<h3>Formulaire de demande d&rsquo;information<\/h3>\n<p>Pour nous contacter et obtenir des informations, remplissez le formulaire ci-dessous :<\/p>\n<p>* Les champs obligatoires<\/p>\n<div role=\"form\" class=\"wpcf7\" id=\"wpcf7-f81-o1\" lang=\"it-IT\" dir=\"ltr\">\n<div class=\"screen-reader-response\"><\/div>\n<form action=\"\/fr\/wp-json\/wp\/v2\/pages\/63#wpcf7-f81-o1\" method=\"post\" class=\"wpcf7-form\" novalidate=\"novalidate\">\n<div style=\"display: none;\">\n<input type=\"hidden\" name=\"_wpcf7\" value=\"81\" \/>\n<input type=\"hidden\" name=\"_wpcf7_version\" value=\"4.7\" \/>\n<input type=\"hidden\" name=\"_wpcf7_locale\" value=\"it_IT\" \/>\n<input type=\"hidden\" name=\"_wpcf7_unit_tag\" value=\"wpcf7-f81-o1\" \/>\n<input type=\"hidden\" name=\"_wpnonce\" value=\"7f537bc1e7\" \/>\n<\/div>\n<div class=\"grid form_container\">\n<div class=\"single_input\">\n<div class=\"container_input\"><span class=\"wpcf7-form-control-wrap nome\"><input type=\"text\" name=\"nome\" value=\"\" size=\"40\" class=\"wpcf7-form-control wpcf7-text\" aria-invalid=\"false\" placeholder=\"Nom\" \/><\/span><\/div>\n<\/div>\n<div class=\"single_input\">\n<div class=\"container_input\"><span class=\"wpcf7-form-control-wrap cognome\"><input type=\"text\" name=\"cognome\" value=\"\" size=\"40\" class=\"wpcf7-form-control wpcf7-text\" aria-invalid=\"false\" placeholder=\"Nom de famille\" \/><\/span><\/div>\n<\/div>\n<div class=\"single_input\">\n<div class=\"container_input\"><span class=\"wpcf7-form-control-wrap indirizzo\"><input type=\"text\" name=\"indirizzo\" value=\"\" size=\"40\" class=\"wpcf7-form-control wpcf7-text\" aria-invalid=\"false\" placeholder=\"Adresse\" \/><\/span><\/div>\n<\/div>\n<div class=\"single_input\">\n<div class=\"container_input\"><span class=\"wpcf7-form-control-wrap cap\"><input type=\"text\" name=\"cap\" value=\"\" size=\"40\" class=\"wpcf7-form-control wpcf7-text\" aria-invalid=\"false\" placeholder=\"Cap\" \/><\/span><\/div>\n<\/div>\n<div class=\"single_input\">\n<div class=\"container_input\"><span class=\"wpcf7-form-control-wrap citta\"><input type=\"text\" name=\"citta\" value=\"\" size=\"40\" class=\"wpcf7-form-control wpcf7-text\" aria-invalid=\"false\" placeholder=\"Ville\" \/><\/span><\/div>\n<\/div>\n<div class=\"single_input\">\n<div class=\"container_input\"><span class=\"wpcf7-form-control-wrap provincia\"><input type=\"text\" name=\"provincia\" value=\"\" size=\"40\" class=\"wpcf7-form-control wpcf7-text\" aria-invalid=\"false\" placeholder=\"Province\" \/><\/span><\/div>\n<\/div>\n<div class=\"single_input\">\n<div class=\"container_input\"><span class=\"wpcf7-form-control-wrap telefono\"><input type=\"tel\" name=\"telefono\" value=\"\" size=\"40\" class=\"wpcf7-form-control wpcf7-text wpcf7-tel wpcf7-validates-as-tel\" aria-invalid=\"false\" placeholder=\"T\u00e9l\u00e9phone\" \/><\/span><\/div>\n<\/div>\n<div class=\"single_input\">\n<div class=\"container_input\"><span class=\"wpcf7-form-control-wrap email\"><input type=\"email\" name=\"email\" value=\"\" size=\"40\" class=\"wpcf7-form-control wpcf7-text wpcf7-email wpcf7-validates-as-required wpcf7-validates-as-email\" aria-required=\"true\" aria-invalid=\"false\" placeholder=\"* Email\" \/><\/span><\/div>\n<\/div>\n<div class=\"textarea_input\">\n<div class=\"container_input\"><span class=\"wpcf7-form-control-wrap messaggio\"><textarea name=\"messaggio\" cols=\"40\" rows=\"10\" class=\"wpcf7-form-control wpcf7-textarea wpcf7-validates-as-required\" aria-required=\"true\" aria-invalid=\"false\" placeholder=\"* Message\"><\/textarea><\/span><\/div>\n<\/div>\n<div class=\"textarea_input\">\n<div class=\"container_input\"><span class=\"wpcf7-form-control-wrap checkbox\"><span class=\"wpcf7-form-control wpcf7-checkbox wpcf7-validates-as-required\"><span class=\"wpcf7-list-item first last\"><label><input type=\"checkbox\" name=\"checkbox[]\" value=\"J&#039;ai lu la politique de confidentialit\u00e9 et de consentement au traitement des donn\u00e9es personnelles.\" \/><span class=\"wpcf7-list-item-label\">J&#039;ai lu la politique de confidentialit\u00e9 et de consentement au traitement des donn\u00e9es personnelles.<\/span><\/label><\/span><\/span><\/span><\/div>\n<\/div>\n<div class=\"textarea_input\">\n<div class=\"container_input\">\n<div class=\"wpcf7-form-control-wrap\"><div data-sitekey=\"6LcWbyMTAAAAALeb1n3nVt4JyXlMZQ-iqRgPN11L\" class=\"wpcf7-form-control g-recaptcha wpcf7-recaptcha\"><\/div>\n<noscript>\n\t<div style=\"width: 302px; height: 422px;\">\n\t\t<div style=\"width: 302px; height: 422px; position: relative;\">\n\t\t\t<div style=\"width: 302px; height: 422px; position: absolute;\">\n\t\t\t\t<iframe src=\"https:\/\/www.google.com\/recaptcha\/api\/fallback?k=6LcWbyMTAAAAALeb1n3nVt4JyXlMZQ-iqRgPN11L\" frameborder=\"0\" scrolling=\"no\" style=\"width: 302px; height:422px; border-style: none;\">\n\t\t\t\t<\/iframe>\n\t\t\t<\/div>\n\t\t\t<div style=\"width: 300px; height: 60px; border-style: none; bottom: 12px; left: 25px; margin: 0px; padding: 0px; right: 25px; background: #f9f9f9; border: 1px solid #c1c1c1; border-radius: 3px;\">\n\t\t\t\t<textarea id=\"g-recaptcha-response\" name=\"g-recaptcha-response\" class=\"g-recaptcha-response\" style=\"width: 250px; height: 40px; border: 1px solid #c1c1c1; margin: 10px 25px; padding: 0px; resize: none;\">\n\t\t\t\t<\/textarea>\n\t\t\t<\/div>\n\t\t<\/div>\n\t<\/div>\n<\/noscript>\n<\/div>\n<\/div>\n<\/div>\n<div class=\"textarea_input\">\n<div class=\"container_input\"><input type=\"submit\" value=\"Soumettre\" class=\"wpcf7-form-control wpcf7-submit\" \/><\/div>\n<\/div>\n<\/div>\n<div class=\"wpcf7-response-output wpcf7-display-none\"><\/div><\/form><\/div>\n<p>&nbsp;<\/p>\n<p><strong>Politique de confidentialit\u00e9<\/strong><br \/> Conform\u00e9ment au d\u00e9cret-loi n . 196\/03 nous vous informons que vos donn\u00e9es personnelles seront trait\u00e9es sur papier et \/ ou informatique Minoia\u00a0arreda pour la conduite de ses affaires. Le propri\u00e9taire et responsable du traitement est Minoia fournit \u00e0 tout moment vous pouvez exercer vos droits pour consulter , modifier ou supprimer leurs donn\u00e9es personnelles en \u00e9crivant \u00e0: Minoia arreda \u2013 Via Trento, 85 &#8211; 25074 Idro (BS) \u2013 Italia.<\/p>\n","protected":false},"excerpt":{"rendered":"<p>Minoia Arreda Sas di Minoia Greta &amp; C.Via Trento, 85 \u2013 25074 Idro (BS) \u2013 P.IVA e C.F. 03758680981Tel. +39 0365 83184 \u2013 info@minoiamobili.com \u00a0 Formulaire de demande d&rsquo;information Pour nous contacter et obtenir des informations, remplissez le formulaire ci-dessous : * Les champs obligatoires &nbsp; Politique de confidentialit\u00e9 Conform\u00e9ment au d\u00e9cret-loi n . 196\/03 [&hellip;]<\/p>\n","protected":false},"author":1,"featured_media":0,"parent":0,"menu_order":0,"comment_status":"closed","ping_status":"closed","template":"","meta":[],"class_list":["post-63","page","type-page","status-publish","hentry","odd"],"yoast_head":"<!-- This site is optimized with the Yoast SEO plugin v24.2 - https:\/\/yoast.com\/wordpress\/plugins\/seo\/ -->\n<title>Contacts - meubles \u00e0 Idro (BS) - Minoia Arreda<\/title>\n<meta name=\"description\" content=\"Minoia Arreda est \u00e0 votre disposition pour r\u00e9pondre \u00e0 tout type de demande sur tout type de meubles : ci-dessous, vous trouverez tous les contacts.\" \/>\n<meta name=\"robots\" content=\"index, follow, max-snippet:-1, max-image-preview:large, max-video-preview:-1\" \/>\n<link rel=\"canonical\" href=\"http:\/\/www.minoiamobili.com\/fr\/contacts\/\" \/>\n<meta property=\"og:locale\" content=\"fr_FR\" \/>\n<meta property=\"og:type\" content=\"article\" \/>\n<meta property=\"og:title\" content=\"Contacts - meubles \u00e0 Idro (BS) - Minoia Arreda\" \/>\n<meta property=\"og:description\" content=\"Minoia Arreda est \u00e0 votre disposition pour r\u00e9pondre \u00e0 tout type de demande sur tout type de meubles : ci-dessous, vous trouverez tous les contacts.\" \/>\n<meta property=\"og:url\" content=\"http:\/\/www.minoiamobili.com\/fr\/contacts\/\" \/>\n<meta property=\"og:site_name\" content=\"Minoia Mobili\" \/>\n<meta property=\"article:modified_time\" content=\"2016-12-30T10:58:57+00:00\" \/>\n<meta name=\"twitter:card\" content=\"summary_large_image\" \/>\n<meta name=\"twitter:label1\" content=\"Dur\u00e9e de lecture estim\u00e9e\" \/>\n\t<meta name=\"twitter:data1\" content=\"1 minute\" \/>\n<script type=\"application\/ld+json\" class=\"yoast-schema-graph\">{\"@context\":\"https:\/\/schema.org\",\"@graph\":[{\"@type\":\"WebPage\",\"@id\":\"http:\/\/www.minoiamobili.com\/fr\/contacts\/\",\"url\":\"http:\/\/www.minoiamobili.com\/fr\/contacts\/\",\"name\":\"Contacts - meubles \u00e0 Idro (BS) - Minoia Arreda\",\"isPartOf\":{\"@id\":\"http:\/\/www.minoiamobili.com\/#website\"},\"datePublished\":\"2016-06-27T10:33:47+00:00\",\"dateModified\":\"2016-12-30T10:58:57+00:00\",\"description\":\"Minoia Arreda est \u00e0 votre disposition pour r\u00e9pondre \u00e0 tout type de demande sur tout type de meubles : ci-dessous, vous trouverez tous les contacts.\",\"breadcrumb\":{\"@id\":\"http:\/\/www.minoiamobili.com\/fr\/contacts\/#breadcrumb\"},\"inLanguage\":\"fr-FR\",\"potentialAction\":[{\"@type\":\"ReadAction\",\"target\":[\"http:\/\/www.minoiamobili.com\/fr\/contacts\/\"]}]},{\"@type\":\"BreadcrumbList\",\"@id\":\"http:\/\/www.minoiamobili.com\/fr\/contacts\/#breadcrumb\",\"itemListElement\":[{\"@type\":\"ListItem\",\"position\":1,\"name\":\"Home\",\"item\":\"http:\/\/www.minoiamobili.com\/fr\/\"},{\"@type\":\"ListItem\",\"position\":2,\"name\":\"Contacts\"}]},{\"@type\":\"WebSite\",\"@id\":\"http:\/\/www.minoiamobili.com\/#website\",\"url\":\"http:\/\/www.minoiamobili.com\/\",\"name\":\"Minoia Mobili\",\"description\":\"\",\"potentialAction\":[{\"@type\":\"SearchAction\",\"target\":{\"@type\":\"EntryPoint\",\"urlTemplate\":\"http:\/\/www.minoiamobili.com\/?s={search_term_string}\"},\"query-input\":{\"@type\":\"PropertyValueSpecification\",\"valueRequired\":true,\"valueName\":\"search_term_string\"}}],\"inLanguage\":\"fr-FR\"}]}<\/script>\n<!-- \/ Yoast SEO plugin. -->","yoast_head_json":{"title":"Contacts - meubles \u00e0 Idro (BS) - Minoia Arreda","description":"Minoia Arreda est \u00e0 votre disposition pour r\u00e9pondre \u00e0 tout type de demande sur tout type de meubles : ci-dessous, vous trouverez tous les contacts.","robots":{"index":"index","follow":"follow","max-snippet":"max-snippet:-1","max-image-preview":"max-image-preview:large","max-video-preview":"max-video-preview:-1"},"canonical":"http:\/\/www.minoiamobili.com\/fr\/contacts\/","og_locale":"fr_FR","og_type":"article","og_title":"Contacts - meubles \u00e0 Idro (BS) - Minoia Arreda","og_description":"Minoia Arreda est \u00e0 votre disposition pour r\u00e9pondre \u00e0 tout type de demande sur tout type de meubles : ci-dessous, vous trouverez tous les contacts.","og_url":"http:\/\/www.minoiamobili.com\/fr\/contacts\/","og_site_name":"Minoia Mobili","article_modified_time":"2016-12-30T10:58:57+00:00","twitter_card":"summary_large_image","twitter_misc":{"Dur\u00e9e de lecture estim\u00e9e":"1 minute"},"schema":{"@context":"https:\/\/schema.org","@graph":[{"@type":"WebPage","@id":"http:\/\/www.minoiamobili.com\/fr\/contacts\/","url":"http:\/\/www.minoiamobili.com\/fr\/contacts\/","name":"Contacts - meubles \u00e0 Idro (BS) - Minoia Arreda","isPartOf":{"@id":"http:\/\/www.minoiamobili.com\/#website"},"datePublished":"2016-06-27T10:33:47+00:00","dateModified":"2016-12-30T10:58:57+00:00","description":"Minoia Arreda est \u00e0 votre disposition pour r\u00e9pondre \u00e0 tout type de demande sur tout type de meubles : ci-dessous, vous trouverez tous les contacts.","breadcrumb":{"@id":"http:\/\/www.minoiamobili.com\/fr\/contacts\/#breadcrumb"},"inLanguage":"fr-FR","potentialAction":[{"@type":"ReadAction","target":["http:\/\/www.minoiamobili.com\/fr\/contacts\/"]}]},{"@type":"BreadcrumbList","@id":"http:\/\/www.minoiamobili.com\/fr\/contacts\/#breadcrumb","itemListElement":[{"@type":"ListItem","position":1,"name":"Home","item":"http:\/\/www.minoiamobili.com\/fr\/"},{"@type":"ListItem","position":2,"name":"Contacts"}]},{"@type":"WebSite","@id":"http:\/\/www.minoiamobili.com\/#website","url":"http:\/\/www.minoiamobili.com\/","name":"Minoia Mobili","description":"","potentialAction":[{"@type":"SearchAction","target":{"@type":"EntryPoint","urlTemplate":"http:\/\/www.minoiamobili.com\/?s={search_term_string}"},"query-input":{"@type":"PropertyValueSpecification","valueRequired":true,"valueName":"search_term_string"}}],"inLanguage":"fr-FR"}]}},"_links":{"self":[{"href":"http:\/\/www.minoiamobili.com\/fr\/wp-json\/wp\/v2\/pages\/63","targetHints":{"allow":["GET"]}}],"collection":[{"href":"http:\/\/www.minoiamobili.com\/fr\/wp-json\/wp\/v2\/pages"}],"about":[{"href":"http:\/\/www.minoiamobili.com\/fr\/wp-json\/wp\/v2\/types\/page"}],"author":[{"embeddable":true,"href":"http:\/\/www.minoiamobili.com\/fr\/wp-json\/wp\/v2\/users\/1"}],"replies":[{"embeddable":true,"href":"http:\/\/www.minoiamobili.com\/fr\/wp-json\/wp\/v2\/comments?post=63"}],"version-history":[{"count":1,"href":"http:\/\/www.minoiamobili.com\/fr\/wp-json\/wp\/v2\/pages\/63\/revisions"}],"predecessor-version":[{"id":238,"href":"http:\/\/www.minoiamobili.com\/fr\/wp-json\/wp\/v2\/pages\/63\/revisions\/238"}],"wp:attachment":[{"href":"http:\/\/www.minoiamobili.com\/fr\/wp-json\/wp\/v2\/media?parent=63"}],"curies":[{"name":"wp","href":"https:\/\/api.w.org\/{rel}","templated":true}]}}