{"id":66,"date":"2016-06-27T12:35:07","date_gmt":"2016-06-27T10:35:07","guid":{"rendered":"http:\/\/minoiamobili.demo2.editeltn.it\/fr\/?page_id=66"},"modified":"2016-12-30T11:02:04","modified_gmt":"2016-12-30T10:02:04","slug":"profil","status":"publish","type":"page","link":"http:\/\/www.minoiamobili.com\/fr\/profil\/","title":{"rendered":"Profil"},"content":{"rendered":"<p>Notre soci\u00e9t\u00e9 fournit un service public depuis 1958.<br \/><strong>Le professionnalisme et la convivialit\u00e9<\/strong> sont notre objectif principal.<\/p>\n<p>Le choix des produits est notre point fort et nous essayons d\u2019\u00eatre attentifs aux <strong>tendances du march\u00e9<\/strong> afin de pouvoir proposer des id\u00e9es innovantes, combinant les exigences pratiques de la vie quotidienne avec votre go\u00fbt personnel.<\/p>\n<p>Le<strong> rapport qualit\u00e9\/prix<\/strong> satisfera vos besoins et notre personnel qualifi\u00e9 sera \u00e0 votre disposition pour transformer vos id\u00e9es en projets.<\/p>\n","protected":false},"excerpt":{"rendered":"<p>Notre soci\u00e9t\u00e9 fournit un service public depuis 1958.Le professionnalisme et la convivialit\u00e9 sont notre objectif principal. Le choix des produits est notre point fort et nous essayons d\u2019\u00eatre attentifs aux tendances du march\u00e9 afin de pouvoir proposer des id\u00e9es innovantes, combinant les exigences pratiques de la vie quotidienne avec votre go\u00fbt personnel. Le rapport qualit\u00e9\/prix [&hellip;]<\/p>\n","protected":false},"author":1,"featured_media":161,"parent":0,"menu_order":0,"comment_status":"closed","ping_status":"closed","template":"","meta":[],"class_list":["post-66","page","type-page","status-publish","has-post-thumbnail","hentry","odd"],"yoast_head":"<!-- This site is optimized with the Yoast SEO plugin v24.2 - https:\/\/yoast.com\/wordpress\/plugins\/seo\/ -->\n<title>Mobilier \u00e0 Idro depuis 1958 - Minoia Arreda<\/title>\n<meta name=\"description\" content=\"Depuis 1958, le professionnalisme et la convivialit\u00e9 sont l\u2019objectif principal de Minoia Arreda, qui fournit un service public bas\u00e9 sur qualit\u00e9-prix.\" \/>\n<meta name=\"robots\" content=\"index, follow, max-snippet:-1, max-image-preview:large, max-video-preview:-1\" \/>\n<link rel=\"canonical\" href=\"http:\/\/www.minoiamobili.com\/fr\/profil\/\" \/>\n<meta property=\"og:locale\" content=\"fr_FR\" \/>\n<meta property=\"og:type\" content=\"article\" \/>\n<meta property=\"og:title\" content=\"Mobilier \u00e0 Idro depuis 1958 - Minoia Arreda\" \/>\n<meta property=\"og:description\" content=\"Depuis 1958, le professionnalisme et la convivialit\u00e9 sont l\u2019objectif principal de Minoia Arreda, qui fournit un service public bas\u00e9 sur qualit\u00e9-prix.\" \/>\n<meta property=\"og:url\" content=\"http:\/\/www.minoiamobili.com\/fr\/profil\/\" \/>\n<meta property=\"og:site_name\" content=\"Minoia Mobili\" \/>\n<meta property=\"article:modified_time\" content=\"2016-12-30T10:02:04+00:00\" \/>\n<meta property=\"og:image\" content=\"http:\/\/www.minoiamobili.com\/wp-content\/uploads\/2016\/06\/Complementi-Minoia-11.jpg\" \/>\n\t<meta property=\"og:image:width\" content=\"1600\" \/>\n\t<meta property=\"og:image:height\" content=\"1068\" \/>\n\t<meta property=\"og:image:type\" content=\"image\/jpeg\" \/>\n<meta name=\"twitter:card\" content=\"summary_large_image\" \/>\n<script type=\"application\/ld+json\" class=\"yoast-schema-graph\">{\"@context\":\"https:\/\/schema.org\",\"@graph\":[{\"@type\":\"WebPage\",\"@id\":\"http:\/\/www.minoiamobili.com\/fr\/profil\/\",\"url\":\"http:\/\/www.minoiamobili.com\/fr\/profil\/\",\"name\":\"Mobilier \u00e0 Idro depuis 1958 - Minoia Arreda\",\"isPartOf\":{\"@id\":\"http:\/\/www.minoiamobili.com\/#website\"},\"primaryImageOfPage\":{\"@id\":\"http:\/\/www.minoiamobili.com\/fr\/profil\/#primaryimage\"},\"image\":{\"@id\":\"http:\/\/www.minoiamobili.com\/fr\/profil\/#primaryimage\"},\"thumbnailUrl\":\"http:\/\/www.minoiamobili.com\/wp-content\/uploads\/2016\/06\/Complementi-Minoia-11.jpg\",\"datePublished\":\"2016-06-27T10:35:07+00:00\",\"dateModified\":\"2016-12-30T10:02:04+00:00\",\"description\":\"Depuis 1958, le professionnalisme et la convivialit\u00e9 sont l\u2019objectif principal de Minoia Arreda, qui fournit un service public bas\u00e9 sur qualit\u00e9-prix.\",\"breadcrumb\":{\"@id\":\"http:\/\/www.minoiamobili.com\/fr\/profil\/#breadcrumb\"},\"inLanguage\":\"fr-FR\",\"potentialAction\":[{\"@type\":\"ReadAction\",\"target\":[\"http:\/\/www.minoiamobili.com\/fr\/profil\/\"]}]},{\"@type\":\"ImageObject\",\"inLanguage\":\"fr-FR\",\"@id\":\"http:\/\/www.minoiamobili.com\/fr\/profil\/#primaryimage\",\"url\":\"http:\/\/www.minoiamobili.com\/wp-content\/uploads\/2016\/06\/Complementi-Minoia-11.jpg\",\"contentUrl\":\"http:\/\/www.minoiamobili.com\/wp-content\/uploads\/2016\/06\/Complementi-Minoia-11.jpg\",\"width\":1600,\"height\":1068},{\"@type\":\"BreadcrumbList\",\"@id\":\"http:\/\/www.minoiamobili.com\/fr\/profil\/#breadcrumb\",\"itemListElement\":[{\"@type\":\"ListItem\",\"position\":1,\"name\":\"Home\",\"item\":\"http:\/\/www.minoiamobili.com\/fr\/\"},{\"@type\":\"ListItem\",\"position\":2,\"name\":\"Profil\"}]},{\"@type\":\"WebSite\",\"@id\":\"http:\/\/www.minoiamobili.com\/#website\",\"url\":\"http:\/\/www.minoiamobili.com\/\",\"name\":\"Minoia Mobili\",\"description\":\"\",\"potentialAction\":[{\"@type\":\"SearchAction\",\"target\":{\"@type\":\"EntryPoint\",\"urlTemplate\":\"http:\/\/www.minoiamobili.com\/?s={search_term_string}\"},\"query-input\":{\"@type\":\"PropertyValueSpecification\",\"valueRequired\":true,\"valueName\":\"search_term_string\"}}],\"inLanguage\":\"fr-FR\"}]}<\/script>\n<!-- \/ Yoast SEO plugin. -->","yoast_head_json":{"title":"Mobilier \u00e0 Idro depuis 1958 - Minoia Arreda","description":"Depuis 1958, le professionnalisme et la convivialit\u00e9 sont l\u2019objectif principal de Minoia Arreda, qui fournit un service public bas\u00e9 sur qualit\u00e9-prix.","robots":{"index":"index","follow":"follow","max-snippet":"max-snippet:-1","max-image-preview":"max-image-preview:large","max-video-preview":"max-video-preview:-1"},"canonical":"http:\/\/www.minoiamobili.com\/fr\/profil\/","og_locale":"fr_FR","og_type":"article","og_title":"Mobilier \u00e0 Idro depuis 1958 - Minoia Arreda","og_description":"Depuis 1958, le professionnalisme et la convivialit\u00e9 sont l\u2019objectif principal de Minoia Arreda, qui fournit un service public bas\u00e9 sur qualit\u00e9-prix.","og_url":"http:\/\/www.minoiamobili.com\/fr\/profil\/","og_site_name":"Minoia Mobili","article_modified_time":"2016-12-30T10:02:04+00:00","og_image":[{"width":1600,"height":1068,"url":"http:\/\/www.minoiamobili.com\/wp-content\/uploads\/2016\/06\/Complementi-Minoia-11.jpg","type":"image\/jpeg"}],"twitter_card":"summary_large_image","schema":{"@context":"https:\/\/schema.org","@graph":[{"@type":"WebPage","@id":"http:\/\/www.minoiamobili.com\/fr\/profil\/","url":"http:\/\/www.minoiamobili.com\/fr\/profil\/","name":"Mobilier \u00e0 Idro depuis 1958 - Minoia Arreda","isPartOf":{"@id":"http:\/\/www.minoiamobili.com\/#website"},"primaryImageOfPage":{"@id":"http:\/\/www.minoiamobili.com\/fr\/profil\/#primaryimage"},"image":{"@id":"http:\/\/www.minoiamobili.com\/fr\/profil\/#primaryimage"},"thumbnailUrl":"http:\/\/www.minoiamobili.com\/wp-content\/uploads\/2016\/06\/Complementi-Minoia-11.jpg","datePublished":"2016-06-27T10:35:07+00:00","dateModified":"2016-12-30T10:02:04+00:00","description":"Depuis 1958, le professionnalisme et la convivialit\u00e9 sont l\u2019objectif principal de Minoia Arreda, qui fournit un service public bas\u00e9 sur qualit\u00e9-prix.","breadcrumb":{"@id":"http:\/\/www.minoiamobili.com\/fr\/profil\/#breadcrumb"},"inLanguage":"fr-FR","potentialAction":[{"@type":"ReadAction","target":["http:\/\/www.minoiamobili.com\/fr\/profil\/"]}]},{"@type":"ImageObject","inLanguage":"fr-FR","@id":"http:\/\/www.minoiamobili.com\/fr\/profil\/#primaryimage","url":"http:\/\/www.minoiamobili.com\/wp-content\/uploads\/2016\/06\/Complementi-Minoia-11.jpg","contentUrl":"http:\/\/www.minoiamobili.com\/wp-content\/uploads\/2016\/06\/Complementi-Minoia-11.jpg","width":1600,"height":1068},{"@type":"BreadcrumbList","@id":"http:\/\/www.minoiamobili.com\/fr\/profil\/#breadcrumb","itemListElement":[{"@type":"ListItem","position":1,"name":"Home","item":"http:\/\/www.minoiamobili.com\/fr\/"},{"@type":"ListItem","position":2,"name":"Profil"}]},{"@type":"WebSite","@id":"http:\/\/www.minoiamobili.com\/#website","url":"http:\/\/www.minoiamobili.com\/","name":"Minoia Mobili","description":"","potentialAction":[{"@type":"SearchAction","target":{"@type":"EntryPoint","urlTemplate":"http:\/\/www.minoiamobili.com\/?s={search_term_string}"},"query-input":{"@type":"PropertyValueSpecification","valueRequired":true,"valueName":"search_term_string"}}],"inLanguage":"fr-FR"}]}},"_links":{"self":[{"href":"http:\/\/www.minoiamobili.com\/fr\/wp-json\/wp\/v2\/pages\/66","targetHints":{"allow":["GET"]}}],"collection":[{"href":"http:\/\/www.minoiamobili.com\/fr\/wp-json\/wp\/v2\/pages"}],"about":[{"href":"http:\/\/www.minoiamobili.com\/fr\/wp-json\/wp\/v2\/types\/page"}],"author":[{"embeddable":true,"href":"http:\/\/www.minoiamobili.com\/fr\/wp-json\/wp\/v2\/users\/1"}],"replies":[{"embeddable":true,"href":"http:\/\/www.minoiamobili.com\/fr\/wp-json\/wp\/v2\/comments?post=66"}],"version-history":[{"count":1,"href":"http:\/\/www.minoiamobili.com\/fr\/wp-json\/wp\/v2\/pages\/66\/revisions"}],"predecessor-version":[{"id":248,"href":"http:\/\/www.minoiamobili.com\/fr\/wp-json\/wp\/v2\/pages\/66\/revisions\/248"}],"wp:featuredmedia":[{"embeddable":true,"href":"http:\/\/www.minoiamobili.com\/fr\/wp-json\/wp\/v2\/media\/161"}],"wp:attachment":[{"href":"http:\/\/www.minoiamobili.com\/fr\/wp-json\/wp\/v2\/media?parent=66"}],"curies":[{"name":"wp","href":"https:\/\/api.w.org\/{rel}","templated":true}]}}