{"id":67,"date":"2016-06-27T12:36:12","date_gmt":"2016-06-27T10:36:12","guid":{"rendered":"http:\/\/minoiamobili.demo2.editeltn.it\/fr\/?page_id=67"},"modified":"2016-12-30T11:45:38","modified_gmt":"2016-12-30T10:45:38","slug":"realisations","status":"publish","type":"page","link":"http:\/\/www.minoiamobili.com\/fr\/realisations\/","title":{"rendered":"R\u00e9alisations"},"content":{"rendered":"<p>Voici quelques exemples de projets men\u00e9s \u00e0 bien par Minoia Arreda.<\/p>\n<p>Un ensemble de projets dans lequel le client a \u00e9t\u00e9 suivi \u00e9tape par \u00e9tape, de la conception \u00e0 l\u2019assemblage des meubles.<\/p>\n","protected":false},"excerpt":{"rendered":"<p>Voici quelques exemples de projets men\u00e9s \u00e0 bien par Minoia Arreda. Un ensemble de projets dans lequel le client a \u00e9t\u00e9 suivi \u00e9tape par \u00e9tape, de la conception \u00e0 l\u2019assemblage des meubles.<\/p>\n","protected":false},"author":1,"featured_media":0,"parent":0,"menu_order":0,"comment_status":"closed","ping_status":"closed","template":"","meta":[],"class_list":["post-67","page","type-page","status-publish","hentry","odd"],"yoast_head":"<!-- This site is optimized with the Yoast SEO plugin v24.2 - https:\/\/yoast.com\/wordpress\/plugins\/seo\/ -->\n<title>R\u00e9alisations de meubles pour la maison - Minoia Arreda<\/title>\n<meta name=\"description\" content=\"D\u00e9couvrez toutes les meilleures r\u00e9alisations de Minoia Arreda : un ensemble de projets dans lequel nous avons suivi le client \u00e9tape par \u00e9tape.\" \/>\n<meta name=\"robots\" content=\"index, follow, max-snippet:-1, max-image-preview:large, max-video-preview:-1\" \/>\n<link rel=\"canonical\" href=\"http:\/\/www.minoiamobili.com\/fr\/realisations\/\" \/>\n<meta property=\"og:locale\" content=\"fr_FR\" \/>\n<meta property=\"og:type\" content=\"article\" \/>\n<meta property=\"og:title\" content=\"R\u00e9alisations de meubles pour la maison - Minoia Arreda\" \/>\n<meta property=\"og:description\" content=\"D\u00e9couvrez toutes les meilleures r\u00e9alisations de Minoia Arreda : un ensemble de projets dans lequel nous avons suivi le client \u00e9tape par \u00e9tape.\" \/>\n<meta property=\"og:url\" content=\"http:\/\/www.minoiamobili.com\/fr\/realisations\/\" \/>\n<meta property=\"og:site_name\" content=\"Minoia Mobili\" \/>\n<meta property=\"article:modified_time\" content=\"2016-12-30T10:45:38+00:00\" \/>\n<meta name=\"twitter:card\" content=\"summary_large_image\" \/>\n<script type=\"application\/ld+json\" class=\"yoast-schema-graph\">{\"@context\":\"https:\/\/schema.org\",\"@graph\":[{\"@type\":\"WebPage\",\"@id\":\"http:\/\/www.minoiamobili.com\/fr\/realisations\/\",\"url\":\"http:\/\/www.minoiamobili.com\/fr\/realisations\/\",\"name\":\"R\u00e9alisations de meubles pour la maison - Minoia Arreda\",\"isPartOf\":{\"@id\":\"http:\/\/www.minoiamobili.com\/#website\"},\"datePublished\":\"2016-06-27T10:36:12+00:00\",\"dateModified\":\"2016-12-30T10:45:38+00:00\",\"description\":\"D\u00e9couvrez toutes les meilleures r\u00e9alisations de Minoia Arreda : un ensemble de projets dans lequel nous avons suivi le client \u00e9tape par \u00e9tape.\",\"breadcrumb\":{\"@id\":\"http:\/\/www.minoiamobili.com\/fr\/realisations\/#breadcrumb\"},\"inLanguage\":\"fr-FR\",\"potentialAction\":[{\"@type\":\"ReadAction\",\"target\":[\"http:\/\/www.minoiamobili.com\/fr\/realisations\/\"]}]},{\"@type\":\"BreadcrumbList\",\"@id\":\"http:\/\/www.minoiamobili.com\/fr\/realisations\/#breadcrumb\",\"itemListElement\":[{\"@type\":\"ListItem\",\"position\":1,\"name\":\"Home\",\"item\":\"http:\/\/www.minoiamobili.com\/fr\/\"},{\"@type\":\"ListItem\",\"position\":2,\"name\":\"R\u00e9alisations\"}]},{\"@type\":\"WebSite\",\"@id\":\"http:\/\/www.minoiamobili.com\/#website\",\"url\":\"http:\/\/www.minoiamobili.com\/\",\"name\":\"Minoia Mobili\",\"description\":\"\",\"potentialAction\":[{\"@type\":\"SearchAction\",\"target\":{\"@type\":\"EntryPoint\",\"urlTemplate\":\"http:\/\/www.minoiamobili.com\/?s={search_term_string}\"},\"query-input\":{\"@type\":\"PropertyValueSpecification\",\"valueRequired\":true,\"valueName\":\"search_term_string\"}}],\"inLanguage\":\"fr-FR\"}]}<\/script>\n<!-- \/ Yoast SEO plugin. -->","yoast_head_json":{"title":"R\u00e9alisations de meubles pour la maison - Minoia Arreda","description":"D\u00e9couvrez toutes les meilleures r\u00e9alisations de Minoia Arreda : un ensemble de projets dans lequel nous avons suivi le client \u00e9tape par \u00e9tape.","robots":{"index":"index","follow":"follow","max-snippet":"max-snippet:-1","max-image-preview":"max-image-preview:large","max-video-preview":"max-video-preview:-1"},"canonical":"http:\/\/www.minoiamobili.com\/fr\/realisations\/","og_locale":"fr_FR","og_type":"article","og_title":"R\u00e9alisations de meubles pour la maison - Minoia Arreda","og_description":"D\u00e9couvrez toutes les meilleures r\u00e9alisations de Minoia Arreda : un ensemble de projets dans lequel nous avons suivi le client \u00e9tape par \u00e9tape.","og_url":"http:\/\/www.minoiamobili.com\/fr\/realisations\/","og_site_name":"Minoia Mobili","article_modified_time":"2016-12-30T10:45:38+00:00","twitter_card":"summary_large_image","schema":{"@context":"https:\/\/schema.org","@graph":[{"@type":"WebPage","@id":"http:\/\/www.minoiamobili.com\/fr\/realisations\/","url":"http:\/\/www.minoiamobili.com\/fr\/realisations\/","name":"R\u00e9alisations de meubles pour la maison - Minoia Arreda","isPartOf":{"@id":"http:\/\/www.minoiamobili.com\/#website"},"datePublished":"2016-06-27T10:36:12+00:00","dateModified":"2016-12-30T10:45:38+00:00","description":"D\u00e9couvrez toutes les meilleures r\u00e9alisations de Minoia Arreda : un ensemble de projets dans lequel nous avons suivi le client \u00e9tape par \u00e9tape.","breadcrumb":{"@id":"http:\/\/www.minoiamobili.com\/fr\/realisations\/#breadcrumb"},"inLanguage":"fr-FR","potentialAction":[{"@type":"ReadAction","target":["http:\/\/www.minoiamobili.com\/fr\/realisations\/"]}]},{"@type":"BreadcrumbList","@id":"http:\/\/www.minoiamobili.com\/fr\/realisations\/#breadcrumb","itemListElement":[{"@type":"ListItem","position":1,"name":"Home","item":"http:\/\/www.minoiamobili.com\/fr\/"},{"@type":"ListItem","position":2,"name":"R\u00e9alisations"}]},{"@type":"WebSite","@id":"http:\/\/www.minoiamobili.com\/#website","url":"http:\/\/www.minoiamobili.com\/","name":"Minoia Mobili","description":"","potentialAction":[{"@type":"SearchAction","target":{"@type":"EntryPoint","urlTemplate":"http:\/\/www.minoiamobili.com\/?s={search_term_string}"},"query-input":{"@type":"PropertyValueSpecification","valueRequired":true,"valueName":"search_term_string"}}],"inLanguage":"fr-FR"}]}},"_links":{"self":[{"href":"http:\/\/www.minoiamobili.com\/fr\/wp-json\/wp\/v2\/pages\/67","targetHints":{"allow":["GET"]}}],"collection":[{"href":"http:\/\/www.minoiamobili.com\/fr\/wp-json\/wp\/v2\/pages"}],"about":[{"href":"http:\/\/www.minoiamobili.com\/fr\/wp-json\/wp\/v2\/types\/page"}],"author":[{"embeddable":true,"href":"http:\/\/www.minoiamobili.com\/fr\/wp-json\/wp\/v2\/users\/1"}],"replies":[{"embeddable":true,"href":"http:\/\/www.minoiamobili.com\/fr\/wp-json\/wp\/v2\/comments?post=67"}],"version-history":[{"count":1,"href":"http:\/\/www.minoiamobili.com\/fr\/wp-json\/wp\/v2\/pages\/67\/revisions"}],"predecessor-version":[{"id":237,"href":"http:\/\/www.minoiamobili.com\/fr\/wp-json\/wp\/v2\/pages\/67\/revisions\/237"}],"wp:attachment":[{"href":"http:\/\/www.minoiamobili.com\/fr\/wp-json\/wp\/v2\/media?parent=67"}],"curies":[{"name":"wp","href":"https:\/\/api.w.org\/{rel}","templated":true}]}}